{"id":136,"date":"2025-07-05T18:20:41","date_gmt":"2025-07-05T18:20:41","guid":{"rendered":"https:\/\/www.roadmap.uevora.pt\/?page_id=136"},"modified":"2025-08-24T23:38:22","modified_gmt":"2025-08-24T23:38:22","slug":"publications","status":"publish","type":"page","link":"https:\/\/www.roadmap.uevora.pt\/index.php\/publications\/","title":{"rendered":"News"},"content":{"rendered":"\t\t<div data-elementor-type=\"wp-page\" data-elementor-id=\"136\" class=\"elementor elementor-136\" data-elementor-post-type=\"page\">\n\t\t\t\t<div class=\"elementor-element elementor-element-44ab7a7 e-flex e-con-boxed elementor-invisible e-con e-parent\" data-id=\"44ab7a7\" data-element_type=\"container\" data-settings=\"{&quot;animation&quot;:&quot;fadeInUp&quot;}\">\n\t\t\t\t\t<div class=\"e-con-inner\">\n\t\t<div class=\"elementor-element elementor-element-41f360b e-con-full e-flex e-con e-child\" data-id=\"41f360b\" data-element_type=\"container\">\n\t\t<div class=\"elementor-element elementor-element-ae1d93c e-con-full e-flex e-con e-child\" data-id=\"ae1d93c\" data-element_type=\"container\">\n\t\t\t\t<div class=\"elementor-element elementor-element-cb1e208 elementor-widget elementor-widget-heading\" data-id=\"cb1e208\" data-element_type=\"widget\" data-widget_type=\"heading.default\">\n\t\t\t\t\t<h2 class=\"elementor-heading-title elementor-size-default\"><a href=\"https:\/\/www.nationalgeographic.pt\/historia\/uma-das-mais-emblematicas-obras-dos-descobrimentos-portugueses-o-atlas-miller_2972\" target=\"_blank\">National Geographic - Atlas Miller<\/a><\/h2>\t\t\t\t<\/div>\n\t\t<div class=\"elementor-element elementor-element-6ba9f89 e-con-full e-flex e-con e-child\" data-id=\"6ba9f89\" data-element_type=\"container\">\n\t\t\t\t<div class=\"elementor-element elementor-element-53ed87c elementor-widget elementor-widget-text-editor\" data-id=\"53ed87c\" data-element_type=\"widget\" data-widget_type=\"text-editor.default\">\n\t\t\t\t\t\t\t\t\t<p>Uma das mais emblem\u00e1ticas obras dos Descobrimentos portugueses: o Atlas Miller<\/p>\t\t\t\t\t\t\t\t<\/div>\n\t\t\t\t<div class=\"elementor-element elementor-element-775a138 elementor-widget elementor-widget-text-editor\" data-id=\"775a138\" data-element_type=\"widget\" data-widget_type=\"text-editor.default\">\n\t\t\t\t\t\t\t\t\t<p>Edi\u00e7\u00e3o portuguesa, publicado a 2 de Mar\u00e7o de 2022.<\/p>\t\t\t\t\t\t\t\t<\/div>\n\t\t\t\t<div class=\"elementor-element elementor-element-592d3be elementor-button-info elementor-widget elementor-widget-button\" data-id=\"592d3be\" data-element_type=\"widget\" data-widget_type=\"button.default\">\n\t\t\t\t\t\t\t\t\t\t<a class=\"elementor-button elementor-button-link elementor-size-sm elementor-animation-shrink\" href=\"https:\/\/www.nationalgeographic.pt\/historia\/uma-das-mais-emblematicas-obras-dos-descobrimentos-portugueses-o-atlas-miller_2972\" target=\"_blank\">\n\t\t\t\t\t\t<span class=\"elementor-button-content-wrapper\">\n\t\t\t\t\t\t\t\t\t<span class=\"elementor-button-text\">See More<\/span>\n\t\t\t\t\t<\/span>\n\t\t\t\t\t<\/a>\n\t\t\t\t\t\t\t\t<\/div>\n\t\t\t\t<\/div>\n\t\t\t\t<\/div>\n\t\t<div class=\"elementor-element elementor-element-51a3b49 e-con-full e-flex e-con e-child\" data-id=\"51a3b49\" data-element_type=\"container\">\n\t\t\t\t<div class=\"elementor-element elementor-element-6dac975 elementor-widget elementor-widget-spacer\" data-id=\"6dac975\" data-element_type=\"widget\" data-widget_type=\"spacer.default\">\n\t\t\t\t\t\t\t<div class=\"elementor-spacer\">\n\t\t\t<div class=\"elementor-spacer-inner\"><\/div>\n\t\t<\/div>\n\t\t\t\t\t\t<\/div>\n\t\t\t\t<\/div>\n\t\t<div class=\"elementor-element elementor-element-cad7bde e-con-full e-flex e-con e-child\" data-id=\"cad7bde\" data-element_type=\"container\">\n\t\t\t\t<div class=\"elementor-element elementor-element-5d6ed5c elementor-widget elementor-widget-image\" data-id=\"5d6ed5c\" data-element_type=\"widget\" data-widget_type=\"image.default\">\n\t\t\t\t\t\t\t\t\t\t\t\t\t\t\t\t<a href=\"https:\/\/www.nationalgeographic.pt\/historia\/uma-das-mais-emblematicas-obras-dos-descobrimentos-portugueses-o-atlas-miller_2972\" target=\"_blank\">\n\t\t\t\t\t\t\t<img fetchpriority=\"high\" decoding=\"async\" width=\"800\" height=\"530\" src=\"https:\/\/www.roadmap.uevora.pt\/wp-content\/uploads\/2025\/07\/m1.jpg\" class=\"elementor-animation-shrink attachment-large size-large wp-image-352\" alt=\"\" srcset=\"https:\/\/www.roadmap.uevora.pt\/wp-content\/uploads\/2025\/07\/m1.jpg 920w, https:\/\/www.roadmap.uevora.pt\/wp-content\/uploads\/2025\/07\/m1-300x199.jpg 300w, https:\/\/www.roadmap.uevora.pt\/wp-content\/uploads\/2025\/07\/m1-768x509.jpg 768w\" sizes=\"(max-width: 800px) 100vw, 800px\" \/>\t\t\t\t\t\t\t\t<\/a>\n\t\t\t\t\t\t\t\t\t\t\t\t\t\t\t<\/div>\n\t\t\t\t<\/div>\n\t\t\t\t<\/div>\n\t\t\t\t\t<\/div>\n\t\t\t\t<\/div>\n\t\t<div class=\"elementor-element elementor-element-98af47c e-flex e-con-boxed elementor-invisible e-con e-parent\" data-id=\"98af47c\" data-element_type=\"container\" data-settings=\"{&quot;animation&quot;:&quot;fadeInUp&quot;}\">\n\t\t\t\t\t<div class=\"e-con-inner\">\n\t\t<div class=\"elementor-element elementor-element-63b0d46 e-con-full e-flex e-con e-child\" data-id=\"63b0d46\" data-element_type=\"container\">\n\t\t<div class=\"elementor-element elementor-element-740dcc0 e-con-full e-flex e-con e-child\" data-id=\"740dcc0\" data-element_type=\"container\">\n\t\t\t\t<div class=\"elementor-element elementor-element-5c94f8a elementor-widget elementor-widget-heading\" data-id=\"5c94f8a\" data-element_type=\"widget\" data-widget_type=\"heading.default\">\n\t\t\t\t\t<h2 class=\"elementor-heading-title elementor-size-default\"><a href=\"https:\/\/www.90segundosdeciencia.pt\/episodes\/ep-996-catarina-miguel\/?fbclid=IwAR3QE2H-ia6Blxnmz3gEV3XIjFzz-AfJU8c6F3XisTu3vWxKQffyrowh7ro\" target=\"_blank\">90 Minutos de Ci\u00eancia<\/a><\/h2>\t\t\t\t<\/div>\n\t\t<div class=\"elementor-element elementor-element-fc4e04c e-con-full e-flex e-con e-child\" data-id=\"fc4e04c\" data-element_type=\"container\">\n\t\t\t\t<div class=\"elementor-element elementor-element-c2addc3 elementor-widget elementor-widget-text-editor\" data-id=\"c2addc3\" data-element_type=\"widget\" data-widget_type=\"text-editor.default\">\n\t\t\t\t\t\t\t\t\t<p>Catarina Miguel: projeto ROADMAP estuda as t\u00e9cnicas de produ\u00e7\u00e3o de iluminuras de Ant\u00f3nio de Holanda<\/p>\t\t\t\t\t\t\t\t<\/div>\n\t\t\t\t<div class=\"elementor-element elementor-element-ad06f2f elementor-widget elementor-widget-text-editor\" data-id=\"ad06f2f\" data-element_type=\"widget\" data-widget_type=\"text-editor.default\">\n\t\t\t\t\t\t\t\t\t<p>90 Segundos de Ci\u00eancia &#8211; Radio Antena 1. Emiss\u00e3o no dia 4 Janeiro 2021.<\/p>\t\t\t\t\t\t\t\t<\/div>\n\t\t\t\t<div class=\"elementor-element elementor-element-cb80893 elementor-button-info elementor-widget elementor-widget-button\" data-id=\"cb80893\" data-element_type=\"widget\" data-widget_type=\"button.default\">\n\t\t\t\t\t\t\t\t\t\t<a class=\"elementor-button elementor-button-link elementor-size-sm elementor-animation-shrink\" href=\"https:\/\/www.90segundosdeciencia.pt\/episodes\/ep-996-catarina-miguel\/?fbclid=IwAR3QE2H-ia6Blxnmz3gEV3XIjFzz-AfJU8c6F3XisTu3vWxKQffyrowh7ro\" target=\"_blank\">\n\t\t\t\t\t\t<span class=\"elementor-button-content-wrapper\">\n\t\t\t\t\t\t\t\t\t<span class=\"elementor-button-text\">See More<\/span>\n\t\t\t\t\t<\/span>\n\t\t\t\t\t<\/a>\n\t\t\t\t\t\t\t\t<\/div>\n\t\t\t\t<\/div>\n\t\t\t\t<\/div>\n\t\t<div class=\"elementor-element elementor-element-15d302d e-con-full e-flex e-con e-child\" data-id=\"15d302d\" data-element_type=\"container\">\n\t\t\t\t<div class=\"elementor-element elementor-element-ce81557 elementor-widget elementor-widget-spacer\" data-id=\"ce81557\" data-element_type=\"widget\" data-widget_type=\"spacer.default\">\n\t\t\t\t\t\t\t<div class=\"elementor-spacer\">\n\t\t\t<div class=\"elementor-spacer-inner\"><\/div>\n\t\t<\/div>\n\t\t\t\t\t\t<\/div>\n\t\t\t\t<\/div>\n\t\t<div class=\"elementor-element elementor-element-48c8105 e-con-full e-flex e-con e-child\" data-id=\"48c8105\" data-element_type=\"container\">\n\t\t\t\t<div class=\"elementor-element elementor-element-ac6df52 elementor-widget-mobile__width-inherit elementor-widget elementor-widget-image\" data-id=\"ac6df52\" data-element_type=\"widget\" data-widget_type=\"image.default\">\n\t\t\t\t\t\t\t\t\t\t\t\t\t\t\t\t<a href=\"https:\/\/www.90segundosdeciencia.pt\/episodes\/ep-996-catarina-miguel\/?fbclid=IwAR3QE2H-ia6Blxnmz3gEV3XIjFzz-AfJU8c6F3XisTu3vWxKQffyrowh7ro\" target=\"_blank\">\n\t\t\t\t\t\t\t<img decoding=\"async\" width=\"768\" height=\"423\" src=\"https:\/\/www.roadmap.uevora.pt\/wp-content\/uploads\/2025\/07\/ep996_interior-768x423-1.jpg\" class=\"elementor-animation-shrink attachment-2048x2048 size-2048x2048 wp-image-353\" alt=\"\" srcset=\"https:\/\/www.roadmap.uevora.pt\/wp-content\/uploads\/2025\/07\/ep996_interior-768x423-1.jpg 768w, https:\/\/www.roadmap.uevora.pt\/wp-content\/uploads\/2025\/07\/ep996_interior-768x423-1-300x165.jpg 300w\" sizes=\"(max-width: 768px) 100vw, 768px\" \/>\t\t\t\t\t\t\t\t<\/a>\n\t\t\t\t\t\t\t\t\t\t\t\t\t\t\t<\/div>\n\t\t\t\t<\/div>\n\t\t\t\t<\/div>\n\t\t\t\t\t<\/div>\n\t\t\t\t<\/div>\n\t\t<div class=\"elementor-element elementor-element-0181afd e-flex e-con-boxed elementor-invisible e-con e-parent\" data-id=\"0181afd\" data-element_type=\"container\" data-settings=\"{&quot;animation&quot;:&quot;fadeInUp&quot;}\">\n\t\t\t\t\t<div class=\"e-con-inner\">\n\t\t<div class=\"elementor-element elementor-element-8f57cc8 e-con-full e-flex e-con e-child\" data-id=\"8f57cc8\" data-element_type=\"container\">\n\t\t<div class=\"elementor-element elementor-element-b92a6d6 e-con-full e-flex e-con e-child\" data-id=\"b92a6d6\" data-element_type=\"container\">\n\t\t\t\t<div class=\"elementor-element elementor-element-b632894 elementor-widget elementor-widget-heading\" data-id=\"b632894\" data-element_type=\"widget\" data-widget_type=\"heading.default\">\n\t\t\t\t\t<h2 class=\"elementor-heading-title elementor-size-default\"><a href=\"https:\/\/expresso.pt\/50anos\/2023-07-17-O-que-nos-dizem-os-pigmentos-das-iluminuras-os-ossos-de-freiras-carmelitas-as-tintas-dos-paineis-de-Almada--O-CSI-do-patrimonio-responde-67f5180d\" target=\"_blank\">EXPRESSO<\/a><\/h2>\t\t\t\t<\/div>\n\t\t<div class=\"elementor-element elementor-element-89eb04a e-con-full e-flex e-con e-child\" data-id=\"89eb04a\" data-element_type=\"container\">\n\t\t\t\t<div class=\"elementor-element elementor-element-2e65d11 elementor-widget elementor-widget-text-editor\" data-id=\"2e65d11\" data-element_type=\"widget\" data-widget_type=\"text-editor.default\">\n\t\t\t\t\t\t\t\t\t<p>O que nos dizem os pigmentos das iluminuras, os ossos de freiras carmelitas, as tintas dos pain\u00e9is de Almada? O CSI do patrim\u00f3nio responde<\/p>\t\t\t\t\t\t\t\t<\/div>\n\t\t\t\t<div class=\"elementor-element elementor-element-423dad7 elementor-widget elementor-widget-text-editor\" data-id=\"423dad7\" data-element_type=\"widget\" data-widget_type=\"text-editor.default\">\n\t\t\t\t\t\t\t\t\t<p>Expresso 50, publicado a 17 de Julho de 2023.<\/p>\t\t\t\t\t\t\t\t<\/div>\n\t\t\t\t<div class=\"elementor-element elementor-element-8793a4a elementor-button-info elementor-widget elementor-widget-button\" data-id=\"8793a4a\" data-element_type=\"widget\" data-widget_type=\"button.default\">\n\t\t\t\t\t\t\t\t\t\t<a class=\"elementor-button elementor-button-link elementor-size-sm elementor-animation-shrink\" href=\"https:\/\/expresso.pt\/50anos\/2023-07-17-O-que-nos-dizem-os-pigmentos-das-iluminuras-os-ossos-de-freiras-carmelitas-as-tintas-dos-paineis-de-Almada--O-CSI-do-patrimonio-responde-67f5180d\" target=\"_blank\">\n\t\t\t\t\t\t<span class=\"elementor-button-content-wrapper\">\n\t\t\t\t\t\t\t\t\t<span class=\"elementor-button-text\">See More<\/span>\n\t\t\t\t\t<\/span>\n\t\t\t\t\t<\/a>\n\t\t\t\t\t\t\t\t<\/div>\n\t\t\t\t<\/div>\n\t\t\t\t<\/div>\n\t\t<div class=\"elementor-element elementor-element-99f914b e-con-full e-flex e-con e-child\" data-id=\"99f914b\" data-element_type=\"container\">\n\t\t\t\t<div class=\"elementor-element elementor-element-e2c196a elementor-widget elementor-widget-spacer\" data-id=\"e2c196a\" data-element_type=\"widget\" data-widget_type=\"spacer.default\">\n\t\t\t\t\t\t\t<div class=\"elementor-spacer\">\n\t\t\t<div class=\"elementor-spacer-inner\"><\/div>\n\t\t<\/div>\n\t\t\t\t\t\t<\/div>\n\t\t\t\t<\/div>\n\t\t<div class=\"elementor-element elementor-element-8c70b26 e-con-full e-flex e-con e-child\" data-id=\"8c70b26\" data-element_type=\"container\">\n\t\t\t\t<div class=\"elementor-element elementor-element-9276c00 elementor-widget elementor-widget-image\" data-id=\"9276c00\" data-element_type=\"widget\" data-widget_type=\"image.default\">\n\t\t\t\t\t\t\t\t\t\t\t\t\t\t\t\t<a href=\"https:\/\/expresso.pt\/50anos\/2023-07-17-O-que-nos-dizem-os-pigmentos-das-iluminuras-os-ossos-de-freiras-carmelitas-as-tintas-dos-paineis-de-Almada--O-CSI-do-patrimonio-responde-67f5180d\" target=\"_blank\">\n\t\t\t\t\t\t\t<img decoding=\"async\" width=\"2048\" height=\"1367\" src=\"https:\/\/www.roadmap.uevora.pt\/wp-content\/uploads\/2025\/07\/mw-694-2048x1367.jpg\" class=\"elementor-animation-shrink attachment-2048x2048 size-2048x2048 wp-image-363\" alt=\"\" srcset=\"https:\/\/www.roadmap.uevora.pt\/wp-content\/uploads\/2025\/07\/mw-694-2048x1367.jpg 2048w, https:\/\/www.roadmap.uevora.pt\/wp-content\/uploads\/2025\/07\/mw-694-300x200.jpg 300w, https:\/\/www.roadmap.uevora.pt\/wp-content\/uploads\/2025\/07\/mw-694-1024x683.jpg 1024w, https:\/\/www.roadmap.uevora.pt\/wp-content\/uploads\/2025\/07\/mw-694-768x513.jpg 768w, https:\/\/www.roadmap.uevora.pt\/wp-content\/uploads\/2025\/07\/mw-694-1536x1025.jpg 1536w\" sizes=\"(max-width: 2048px) 100vw, 2048px\" \/>\t\t\t\t\t\t\t\t<\/a>\n\t\t\t\t\t\t\t\t\t\t\t\t\t\t\t<\/div>\n\t\t\t\t<\/div>\n\t\t\t\t<\/div>\n\t\t\t\t\t<\/div>\n\t\t\t\t<\/div>\n\t\t\t\t<\/div>\n\t\t","protected":false},"excerpt":{"rendered":"<p>The RoadMap in the news<\/p>\n","protected":false},"author":1,"featured_media":352,"parent":0,"menu_order":0,"comment_status":"closed","ping_status":"closed","template":"","meta":{"footnotes":""},"class_list":["post-136","page","type-page","status-publish","has-post-thumbnail","hentry"],"_links":{"self":[{"href":"https:\/\/www.roadmap.uevora.pt\/index.php\/wp-json\/wp\/v2\/pages\/136","targetHints":{"allow":["GET"]}}],"collection":[{"href":"https:\/\/www.roadmap.uevora.pt\/index.php\/wp-json\/wp\/v2\/pages"}],"about":[{"href":"https:\/\/www.roadmap.uevora.pt\/index.php\/wp-json\/wp\/v2\/types\/page"}],"author":[{"embeddable":true,"href":"https:\/\/www.roadmap.uevora.pt\/index.php\/wp-json\/wp\/v2\/users\/1"}],"replies":[{"embeddable":true,"href":"https:\/\/www.roadmap.uevora.pt\/index.php\/wp-json\/wp\/v2\/comments?post=136"}],"version-history":[{"count":44,"href":"https:\/\/www.roadmap.uevora.pt\/index.php\/wp-json\/wp\/v2\/pages\/136\/revisions"}],"predecessor-version":[{"id":660,"href":"https:\/\/www.roadmap.uevora.pt\/index.php\/wp-json\/wp\/v2\/pages\/136\/revisions\/660"}],"wp:featuredmedia":[{"embeddable":true,"href":"https:\/\/www.roadmap.uevora.pt\/index.php\/wp-json\/wp\/v2\/media\/352"}],"wp:attachment":[{"href":"https:\/\/www.roadmap.uevora.pt\/index.php\/wp-json\/wp\/v2\/media?parent=136"}],"curies":[{"name":"wp","href":"https:\/\/api.w.org\/{rel}","templated":true}]}}